{"id":397,"date":"2014-11-20T05:53:11","date_gmt":"2014-11-20T05:53:11","guid":{"rendered":"https:\/\/accesspressthemes.com\/accesspress-parallax-pro-demo\/?page_id=397"},"modified":"2020-05-27T21:35:48","modified_gmt":"2020-05-27T21:35:48","slug":"compania","status":"publish","type":"page","link":"https:\/\/comprebien.cr\/index\/compania\/","title":{"rendered":"Compa\u00f1\u00eda"},"content":{"rendered":"<div id=\"pl-397\"  class=\"panel-layout\" ><div id=\"pg-397-0\"  class=\"panel-grid panel-no-style\" ><div id=\"pgc-397-0-0\"  class=\"panel-grid-cell\" ><div id=\"panel-397-0-0-0\" class=\"so-panel widget widget_accesspress_icon_text panel-first-child panel-last-child\" data-index=\"0\" >        <div class=\"wow fadeInUp ap-icon-text style3\">\r\n                            <div class=\"ap-icon-text-icon\">\r\n                    <i class=\"fa fa-home\"><\/i>\r\n                <\/div>\r\n            \r\n            <div class=\"ap-icon-text-content-wrap\">\r\n                <div class=\"ap-icon-text-inner\">\r\n                                            <h5 class=\"ap-icon-text-title\">\r\n                        RESE\u00d1A                        <\/h5>\r\n                        \r\n                                            <div class=\"ap-icon-text-content\">\r\n                        Nuestro objetivo siempre ha sido que nuestros clientes cuenten con productos frescos, diversos y de gran calidad.                        <\/div>\r\n                        \r\n                                            <div class=\"ap-icon-text-readmore\">\r\n                            <a class=\"bttn\" href=\"http:\/\/comprebien.cr\/index\/compania\/resena\/\">Leer m\u00e1s<\/a>\r\n                        <\/div>\r\n                                    <\/div>\r\n            <\/div>\r\n        <\/div>\r\n            <\/div><\/div><div id=\"pgc-397-0-1\"  class=\"panel-grid-cell\" ><div id=\"panel-397-0-1-0\" class=\"so-panel widget widget_accesspress_icon_text panel-first-child panel-last-child\" data-index=\"1\" >        <div class=\"wow fadeInUp ap-icon-text style3\">\r\n                            <div class=\"ap-icon-text-icon\">\r\n                    <i class=\"fa fa-info-circle\"><\/i>\r\n                <\/div>\r\n            \r\n            <div class=\"ap-icon-text-content-wrap\">\r\n                <div class=\"ap-icon-text-inner\">\r\n                                            <h5 class=\"ap-icon-text-title\">\r\n                        Horarios y Facilidades                        <\/h5>\r\n                        \r\n                                            <div class=\"ap-icon-text-content\">\r\n                        Ofrecemos amplios horarios de Lunes a Domingo, transporte y c\u00f3modos parqueos en todos nuestros establecimientos.                        <\/div>\r\n                        \r\n                                            <div class=\"ap-icon-text-readmore\">\r\n                            <a class=\"bttn\" href=\"http:\/\/comprebien.cr\/index\/compania\/horarios-y-facilidades\/\">Leer m\u00e1s<\/a>\r\n                        <\/div>\r\n                                    <\/div>\r\n            <\/div>\r\n        <\/div>\r\n            <\/div><\/div><div id=\"pgc-397-0-2\"  class=\"panel-grid-cell\" ><div id=\"panel-397-0-2-0\" class=\"so-panel widget widget_accesspress_icon_text panel-first-child panel-last-child\" data-index=\"2\" >        <div class=\"wow fadeInUp ap-icon-text style3\">\r\n                            <div class=\"ap-icon-text-icon\">\r\n                    <i class=\"fa fa-heart-o\"><\/i>\r\n                <\/div>\r\n            \r\n            <div class=\"ap-icon-text-content-wrap\">\r\n                <div class=\"ap-icon-text-inner\">\r\n                                            <h5 class=\"ap-icon-text-title\">\r\n                        Responsabilidad Social                        <\/h5>\r\n                        \r\n                                            <div class=\"ap-icon-text-content\">\r\n                        Uno de nuestros objetivos es beneficiar positivamente a aquellas comunidades donde estamos presentes.                        <\/div>\r\n                        \r\n                                            <div class=\"ap-icon-text-readmore\">\r\n                            <a class=\"bttn\" href=\"http:\/\/comprebien.cr\/index\/index.php\/icon-text-section\/responsabilidad-social\/\">Leer m\u00e1s<\/a>\r\n                        <\/div>\r\n                                    <\/div>\r\n            <\/div>\r\n        <\/div>\r\n            <\/div><\/div><\/div><\/div>","protected":false},"excerpt":{"rendered":"<p>RESE\u00d1A Nuestro objetivo siempre ha sido que nuestros clientes cuenten con productos frescos, diversos y de gran calidad. Leer m\u00e1s Horarios y Facilidades Ofrecemos amplios horarios de Lunes a Domingo, transporte y c\u00f3modos parqueos en todos nuestros establecimientos. Leer m\u00e1s Responsabilidad Social Uno de nuestros objetivos es beneficiar positivamente a aquellas comunidades donde estamos presentes&#8230;.<\/p>\n","protected":false},"author":1,"featured_media":0,"parent":0,"menu_order":1,"comment_status":"open","ping_status":"closed","template":"","meta":{"om_disable_all_campaigns":false,"_monsterinsights_skip_tracking":false,"_monsterinsights_sitenote_active":false,"_monsterinsights_sitenote_note":"","_monsterinsights_sitenote_category":0,"_uf_show_specific_survey":0,"_uf_disable_surveys":false,"footnotes":""},"class_list":["post-397","page","type-page","status-publish","hentry"],"aioseo_notices":[],"publishpress_future_action":{"enabled":false,"date":"2026-05-14 07:42:40","action":"change-status","newStatus":"draft","terms":[],"taxonomy":"","extraData":[]},"publishpress_future_workflow_manual_trigger":{"enabledWorkflows":[]},"_links":{"self":[{"href":"https:\/\/comprebien.cr\/index\/wp-json\/wp\/v2\/pages\/397","targetHints":{"allow":["GET"]}}],"collection":[{"href":"https:\/\/comprebien.cr\/index\/wp-json\/wp\/v2\/pages"}],"about":[{"href":"https:\/\/comprebien.cr\/index\/wp-json\/wp\/v2\/types\/page"}],"author":[{"embeddable":true,"href":"https:\/\/comprebien.cr\/index\/wp-json\/wp\/v2\/users\/1"}],"replies":[{"embeddable":true,"href":"https:\/\/comprebien.cr\/index\/wp-json\/wp\/v2\/comments?post=397"}],"version-history":[{"count":23,"href":"https:\/\/comprebien.cr\/index\/wp-json\/wp\/v2\/pages\/397\/revisions"}],"predecessor-version":[{"id":3889,"href":"https:\/\/comprebien.cr\/index\/wp-json\/wp\/v2\/pages\/397\/revisions\/3889"}],"wp:attachment":[{"href":"https:\/\/comprebien.cr\/index\/wp-json\/wp\/v2\/media?parent=397"}],"curies":[{"name":"wp","href":"https:\/\/api.w.org\/{rel}","templated":true}]}}