{"id":33,"date":"2016-08-04T18:10:01","date_gmt":"2016-08-04T18:10:01","guid":{"rendered":"http:\/\/comprebien.cr\/index\/?page_id=33"},"modified":"2018-05-30T18:45:23","modified_gmt":"2018-05-30T18:45:23","slug":"contacto","status":"publish","type":"page","link":"https:\/\/comprebien.cr\/index\/contacto\/","title":{"rendered":"Contacto"},"content":{"rendered":"<p style=\"text-align: center;\">\t\t\t\t<div class=\"contactformgenerator_wrapper cfg_wrapper_animation_state_1 cfg_form_3 cfg_icon_1 cfg_sections_template_1\" style=\"width: 100% !important\" focus_anim_enabled=\"0\" error_anim_enabled=\"0\" scrollbar_popup_style=\"inset-2-dark\"  scrollbar_content_style=\"inset-2-dark\">\r\n\t\t\t<div class=\"contactformgenerator_wrapper_inner\">\r\n\t\t\t<div class=\"contactformgenerator_loading_wrapper\"><table style=\"border: none;width: 100%;height: 100%\"><tr><td align=\"center\" style=\"text-align: center;\" valign=\"middle\"><img decoding=\"async\" src=\"https:\/\/comprebien.cr\/index\/wp-content\/plugins\/contact-form-generator\/includes\/\/assets\/images\/ajax-loader.gif\" \/><\/td><\/tr><\/table><\/div>\r\n \t\t\t\r\n \t\t\t<div class=\"contactformgenerator_header cfg_header_animation_state_1\">\r\n\t \t\t\t<div class=\"contactformgenerator_title cfg_font_effect_none\">\u00bfDudas, quejas, sugerencias? Llegaste al lugar correcto \ud83d\ude42<\/div>\r\n\t \t\t\t \t\t\t<\/div>\r\n\t\t\t\t<form class=\"contactformgenerator_form\">\r\n\t \t\t\t<div class=\"contactformgenerator_body cfg_body_animation_state_1\">\r\n\t\t\t\t \t\t<div class=\"cfg_field_box_wrapper cfg_field_box_wrapper_1 cfg_field_box_animation_state_1\"><div class=\"cfg_field_box_wrapper_1_inner\"><div  id=\"\"  class=\"contactformgenerator_field_box cfg_hidden_animation_block_state1 cfg_timing_1 cfg_timing_text-input  \"><div  class=\"contactformgenerator_field_box_inner\"><label normal_effect_class=\"cfg_font_effect_none\" hover_effect_class=\"cfg_font_effect_none\" error_effect_class=\"cfg_font_effect_none\" class=\"contactformgenerator_field_name cfg_font_effect_none\" for=\"text-input_0_83\" ><span class=\"cfg_label_txt_wrapper\">Nombre <span class=\"contactformgenerator_field_required\">*<\/span><\/span><\/label><div class=\"contactformgenerator_input_element contactformgenerator_required\"><div class=\"cfg_input_dummy_wrapper\"><input class=\"cfg_text-input contactformgenerator_required cfg_input_reset\" pre_value=\"\" value=\"\" type=\"text\" id=\"text-input_0_83\" name=\"contactformgenerator_fields[1][0]\"><\/div><\/div><input type=\"hidden\" name=\"contactformgenerator_fields[1][1]\" value=\"Nombre\" \/><input type=\"hidden\" name=\"contactformgenerator_fields[1][2]\" value=\"text-input\" \/><\/div><\/div><div  id=\"\"  class=\"contactformgenerator_field_box cfg_hidden_animation_block_state1 cfg_timing_2 cfg_timing_email  \"><div  class=\"contactformgenerator_field_box_inner\"><label normal_effect_class=\"cfg_font_effect_none\" hover_effect_class=\"cfg_font_effect_none\" error_effect_class=\"cfg_font_effect_none\" class=\"contactformgenerator_field_name cfg_font_effect_none\" for=\"email_0_85\" ><span class=\"cfg_label_txt_wrapper\">Correo electr\u00f3nido<\/span><\/label><div class=\"contactformgenerator_input_element \"><div class=\"cfg_input_dummy_wrapper\"><input class=\"cfg_email  cfg_input_reset\" pre_value=\"\" value=\"\" type=\"text\" id=\"email_0_85\" name=\"contactformgenerator_fields[2][0]\"><\/div><\/div><input type=\"hidden\" name=\"contactformgenerator_fields[2][1]\" value=\"Correo electr\u00f3nido\" \/><input type=\"hidden\" name=\"contactformgenerator_fields[2][2]\" value=\"email\" \/><\/div><\/div><\/div><\/div><div class=\"cfg_field_box_wrapper cfg_field_box_wrapper_2 cfg_field_box_animation_state_1\"><div class=\"cfg_field_box_wrapper_2_inner\"><div  id=\"\"  class=\"contactformgenerator_field_box cfg_hidden_animation_block_state1 cfg_timing_3 cfg_timing_select  \"><div  class=\"contactformgenerator_field_box_inner\"><label normal_effect_class=\"cfg_font_effect_none\" hover_effect_class=\"cfg_font_effect_none\" error_effect_class=\"cfg_font_effect_none\" class=\"contactformgenerator_field_name cfg_font_effect_none\" for=\"select_0_84\" ><span class=\"cfg_label_txt_wrapper\">Punto de venta <span class=\"contactformgenerator_field_required\">*<\/span><\/span><\/label><select show_search=\"hide\" scroll_after=\"10\" special_width=\"\" select_no_match_text=\"Por favor seleccione su punto de venta\" class=\"will_be_cfg_select contactformgenerator_required\"  name=\"contactformgenerator_fields[3][0]\"><option selected=\"selected\" class=\"def_value\" value=\"cfg_empty\">Por favor seleccione el punto de venta principal en el que realiza sus compras<\/option><option id=\"0_84_489\" value=\"Palmares\"  >Palmares<\/option><option id=\"0_84_490\" value=\"San Carlos\"  >San Carlos<\/option><option id=\"0_84_491\" value=\"Ca\u00f1as\"  >Ca\u00f1as<\/option><option id=\"0_84_492\" value=\"Esparza\"  >Esparza<\/option><\/select><input type=\"hidden\" name=\"contactformgenerator_fields[3][1]\" value=\"Punto de venta\" \/><input type=\"hidden\" name=\"contactformgenerator_fields[3][2]\" value=\"select\" \/><\/div><\/div><\/div><\/div><div class=\"contactformgenerator_clear\"><\/div><div class=\"cfg_field_box_wrapper cfg_field_box_wrapper_0 cfg_field_box_animation_state_1\"><div  id=\"\"  class=\"contactformgenerator_field_box cfg_hidden_animation_block_state1 cfg_timing_4 cfg_timing_text-area  \"><div  class=\"contactformgenerator_field_box_textarea_inner\"><label normal_effect_class=\"cfg_font_effect_none\" hover_effect_class=\"cfg_font_effect_none\" error_effect_class=\"cfg_font_effect_none\" class=\"contactformgenerator_field_name cfg_font_effect_none\" for=\"text-area_0_86\" ><span class=\"cfg_label_txt_wrapper\">Mensaje <span class=\"contactformgenerator_field_required\">*<\/span><\/span><\/label><div class=\"contactformgenerator_input_element cfg_textarea_wrapper contactformgenerator_required\"><div class=\"cfg_textarea_dummy_wrapper\"><textarea class=\"cfg_textarea cfg_text-area contactformgenerator_required cfg_textarea_reset\" value=\"\" cols=\"30\" rows=\"15\" id=\"text-area_0_86\" name=\"contactformgenerator_fields[4][0]\"><\/textarea><\/div><\/div><input type=\"hidden\" name=\"contactformgenerator_fields[4][1]\" value=\"Mensaje\" \/><input type=\"hidden\" name=\"contactformgenerator_fields[4][2]\" value=\"text-area\" \/><\/div><\/div><\/div><div class=\"cfg_field_box_wrapper cfg_field_box_wrapper_1 cfg_field_box_animation_state_1\"><div class=\"cfg_field_box_wrapper_1_inner\"><div  id=\"\"  class=\"contactformgenerator_field_box cfg_hidden_animation_block_state1 cfg_timing_5 cfg_timing_captcha  \"><div  class=\"contactformgenerator_field_box_inner\"><label normal_effect_class=\"cfg_font_effect_none\" hover_effect_class=\"cfg_font_effect_none\" error_effect_class=\"cfg_font_effect_none\" class=\"contactformgenerator_field_name cfg_font_effect_none\" for=\"captcha_0_87\" ><span class=\"cfg_label_txt_wrapper\">C\u00f3digo de Seguridad <span class=\"contactformgenerator_field_required\">*<\/span><\/label><img decoding=\"async\" id=\"cfg_captcha_0_87\" class=\"cfg_captcha\" src=\"https:\/\/comprebien.cr\/index\/wp-content\/plugins\/contact-form-generator\/includes\/captcha.php?fid=87&r=766638\" \/><div fid=\"87\" holder=\"cfg_captcha_0_87\" class=\"reload_cfg_captcha icon_1\"><\/div><div class=\"cfg_clear\"><\/div><div style=\"width: 200px !important;\" class=\"contactformgenerator_input_element contactformgenerator_required cfg_captcha_input_wrapper\"><div class=\"cfg_input_dummy_wrapper\"><input class=\"cfg_captcha contactformgenerator_required cfg_input_reset\" value=\"\" type=\"text\" id=\"captcha_0_87\" name=\"contactformgenerator_captcha[87]\"><\/div><\/div><div class=\"cfg_captcha_info\" style=\"display:none\">El c\u00f3digo de seguridad no es correcto. Por favor revise la imagen e intente de nuevo<\/div><\/div><\/div><\/div><\/div><div class=\"contactformgenerator_clear\"><\/div><div class=\"contactformgenerator_field_box cfg_hidden_animation_block_state1 cfg_timing_sendmecopy cfg_timing_6 cfg_field_box_animation_state_1\"><div class=\"contactformgenerator_field_box_textarea_inner\">\r\n\t\t\t \t\t\t\t\t\t\t<div class=\"answer_name\"><label uniq_index=\"0_0_0\" class=\"cs_label without_parent_label\">Enviarme una copia<\/label><\/div>\r\n\t\t\t \t\t\t\t\t\t\t<div class=\"answer_input\"><input id=\"0_0_0\" type=\"checkbox\" class=\"cfgform_cs_styled\" value=\"1\" name=\"contactformgenerator_send_copy_enable\" data-color=\"blue\" \/><\/div><div class=\"cfg_clear\"><\/div><\/div><\/div>\t\t\t\t\t<div class=\"cfg_clear\"><\/div>\r\n\t \t\t\t<\/div>\r\n\t \t\t\t<div class=\"contactformgenerator_footer cfg_footer_animation_state_1\">\r\n\t\t \t\t\t<div class=\"contactformgenerator_submit_wrapper cfg_button_animation_state_1\">\r\n\t\t \t\t\t\t<input type=\"button\" value=\"Enviar\" class=\"contactformgenerator_send cfg_font_effect_none\" roll=\"3\" normal_effect_class=\"cfg_font_effect_none\" hover_effect_class=\"cfg_font_effect_none\"\/>\r\n\t\t \t\t\t\t<input type=\"button\" value=\"Nuevo\" class=\"contactformgenerator_send_new contactformgenerator_hidden cfg_font_effect_none\"  roll=\"3\" normal_effect_class=\"cfg_font_effect_none\" hover_effect_class=\"cfg_font_effect_none\"\/>\r\n\t\t \t\t\t\t<div class=\"contactformgenerator_clear\"><\/div>\r\n\t\t \t\t\t<\/div>\r\n\t\t \t\t\t<div class=\"contactformgenerator_clear\"><\/div>\r\n\t\t \t\t\t<input type=\"hidden\" name=\"contactformgenerator_token\" class=\"contactformgenerator_token\" value=\"66737070d2c4edeacb262b002fa608f2\" \/>\r\n\t\t \t\t\t<input type=\"hidden\" value=\"216.73.217.65\"  name=\"contactformgenerator_ip\" \/>\r\n\t\t \t\t\t<input type=\"hidden\" value=\"https:\/\/comprebien.cr\/index\/contacto\/\"  name=\"contactformgenerator_referrer\" \/>\r\n\t\t \t\t\t<input type=\"hidden\" value=\"Contacto\"  name=\"contactformgenerator_page_title\" \/>\r\n\t\t \t\t\t<input type=\"hidden\" value=\"Unknown 5.0\"  name=\"contactformgenerator_browser\" \/>\r\n\t\t \t\t\t<input type=\"hidden\" value=\"Unknown OS Platform\"  name=\"contactformgenerator_operating_system\" \/>\r\n\t\t \t\t\t<input type=\"hidden\" value=\"\" class=\"cfg_sc_res\"  name=\"contactformgenerator_sc_res\" \/>\r\n\t\t \t\t\t<input type=\"hidden\" value=\"0\" class=\"contactformgenerator_module_id\" name=\"contactformgenerator_module_id\" \/>\r\n\t\t \t\t\t<input type=\"hidden\" value=\"3\" class=\"contactformgenerator_form_id\" name=\"contactformgenerator_form_id\" \/>\r\n\t \t\t\t<\/div>\r\n \t\t\t<\/form>\r\n \t\t<\/div>\r\n \t\t<\/div>\r\n\r\n \t\t<\/p>\n<p style=\"text-align: center;\">Adem\u00e1s, recuerda que tenemos a tu disposici\u00f3n nuestra l\u00ednea directa:<\/p>\n<p style=\"text-align: center;\"><img loading=\"lazy\" decoding=\"async\" class=\"size-large wp-image-1791 aligncenter\" src=\"http:\/\/comprebien.cr\/index\/wp-content\/uploads\/2018\/01\/REF800CB_afiche-663x1024.png\" alt=\"\" width=\"640\" height=\"988\" srcset=\"https:\/\/comprebien.cr\/index\/wp-content\/uploads\/2018\/01\/REF800CB_afiche-663x1024.png 663w, https:\/\/comprebien.cr\/index\/wp-content\/uploads\/2018\/01\/REF800CB_afiche-194x300.png 194w, https:\/\/comprebien.cr\/index\/wp-content\/uploads\/2018\/01\/REF800CB_afiche-768x1187.png 768w, https:\/\/comprebien.cr\/index\/wp-content\/uploads\/2018\/01\/REF800CB_afiche.png 792w\" sizes=\"auto, (max-width: 640px) 100vw, 640px\" \/><\/p>\n<p><!-- Load Facebook SDK for JavaScript --><\/p>\n<div id=\"fb-root\"><\/div>\n<p><script>(function(d, s, id) {\n  var js, fjs = d.getElementsByTagName(s)[0];\n  if (d.getElementById(id)) return;\n  js = d.createElement(s); js.id = id;\n  js.src = 'https:\/\/connect.facebook.net\/en_US\/sdk\/xfbml.customerchat.js#xfbml=1&version=v2.12&autoLogAppEvents=1';\n  fjs.parentNode.insertBefore(js, fjs);\n}(document, 'script', 'facebook-jssdk'));<\/script><\/p>\n<p><!-- Your customer chat code --><\/p>\n<div class=\"fb-customerchat\"\n  attribution=\"setup_tool\"\n  page_id=\"132973990124414\"\n  theme_color=\"#46A441\"\n  logged_in_greeting=\"\u00a1Bienvenid@ a Supermercados Compre Bien! \u00bfEn qu\u00e9 podemos ayudarte?\"\n  logged_out_greeting=\"\u00a1Bienvenid@ a Supermercados Compre Bien! \u00bfEn qu\u00e9 podemos ayudarte?\">\n<\/div>\n","protected":false},"excerpt":{"rendered":"<p>Adem\u00e1s, recuerda que tenemos a tu disposici\u00f3n nuestra l\u00ednea directa:<\/p>\n","protected":false},"author":1,"featured_media":0,"parent":0,"menu_order":6,"comment_status":"closed","ping_status":"closed","template":"","meta":{"om_disable_all_campaigns":false,"_monsterinsights_skip_tracking":false,"_monsterinsights_sitenote_active":false,"_monsterinsights_sitenote_note":"","_monsterinsights_sitenote_category":0,"_uf_show_specific_survey":0,"_uf_disable_surveys":false,"footnotes":""},"class_list":["post-33","page","type-page","status-publish","hentry"],"aioseo_notices":[],"publishpress_future_action":{"enabled":false,"date":"2026-05-12 07:18:11","action":"change-status","newStatus":"draft","terms":[],"taxonomy":"","extraData":[]},"publishpress_future_workflow_manual_trigger":{"enabledWorkflows":[]},"_links":{"self":[{"href":"https:\/\/comprebien.cr\/index\/wp-json\/wp\/v2\/pages\/33","targetHints":{"allow":["GET"]}}],"collection":[{"href":"https:\/\/comprebien.cr\/index\/wp-json\/wp\/v2\/pages"}],"about":[{"href":"https:\/\/comprebien.cr\/index\/wp-json\/wp\/v2\/types\/page"}],"author":[{"embeddable":true,"href":"https:\/\/comprebien.cr\/index\/wp-json\/wp\/v2\/users\/1"}],"replies":[{"embeddable":true,"href":"https:\/\/comprebien.cr\/index\/wp-json\/wp\/v2\/comments?post=33"}],"version-history":[{"count":14,"href":"https:\/\/comprebien.cr\/index\/wp-json\/wp\/v2\/pages\/33\/revisions"}],"predecessor-version":[{"id":2149,"href":"https:\/\/comprebien.cr\/index\/wp-json\/wp\/v2\/pages\/33\/revisions\/2149"}],"wp:attachment":[{"href":"https:\/\/comprebien.cr\/index\/wp-json\/wp\/v2\/media?parent=33"}],"curies":[{"name":"wp","href":"https:\/\/api.w.org\/{rel}","templated":true}]}}