{"id":1392,"date":"2016-11-22T22:25:03","date_gmt":"2016-11-22T22:25:03","guid":{"rendered":"http:\/\/comprebien.cr\/index\/?page_id=1392"},"modified":"2023-08-16T10:57:37","modified_gmt":"2023-08-16T16:57:37","slug":"inclusion-de-producto-nuevo","status":"publish","type":"page","link":"https:\/\/comprebien.cr\/index\/services-section\/inclusion-de-producto-nuevo\/","title":{"rendered":"Registro de proveedores y art\u00edculos"},"content":{"rendered":"<p><strong>Muchas gracias<\/strong> por considerarnos como una ventana para venta de tus valiosos productos. Da <strong>click<\/strong> en la <strong>siguiente imagen<\/strong> para ir al <strong>formulario<\/strong> correspondiente:<\/p>\n<p><a title=\"Registro de Proveedores | Supermercados Compre Bien\" href=\"http:\/\/portal.comprebien.cr\/crm\/registroproveedores\" target=\"_blank\" rel=\"noopener\"><img loading=\"lazy\" decoding=\"async\" class=\"aligncenter size-full wp-image-5615\" src=\"https:\/\/comprebien.cr\/index\/wp-content\/uploads\/2023\/08\/ImgsFondo-formularioRegistro-1.png\" alt=\"\" width=\"800\" height=\"629\" srcset=\"https:\/\/comprebien.cr\/index\/wp-content\/uploads\/2023\/08\/ImgsFondo-formularioRegistro-1.png 800w, https:\/\/comprebien.cr\/index\/wp-content\/uploads\/2023\/08\/ImgsFondo-formularioRegistro-1-300x236.png 300w, https:\/\/comprebien.cr\/index\/wp-content\/uploads\/2023\/08\/ImgsFondo-formularioRegistro-1-768x604.png 768w\" sizes=\"auto, (max-width: 800px) 100vw, 800px\" \/><\/a><\/p>\n<p style=\"text-align: center;\"><div class=\"divider\" style=\"margin-top:20px; margin-bottom:20px; border-top:1px solid #CCCCCC;width:100%\"\/><\/div><\/p>\n<p>Si quieres revisar el <strong>estado de tus art\u00edculos aprobados<\/strong>, puedes hacerlo por medio de la siguiente imagen:<\/p>\n<p><a title=\"Art\u00edculos aprobados | Supermercados Compre Bien\" href=\"https:\/\/portal.comprebien.cr\/crm\/\"><img loading=\"lazy\" decoding=\"async\" class=\"aligncenter size-full wp-image-5616\" src=\"https:\/\/comprebien.cr\/index\/wp-content\/uploads\/2023\/08\/ImgsFondo-articulosAprobados.png\" alt=\"\" width=\"800\" height=\"159\" srcset=\"https:\/\/comprebien.cr\/index\/wp-content\/uploads\/2023\/08\/ImgsFondo-articulosAprobados.png 800w, https:\/\/comprebien.cr\/index\/wp-content\/uploads\/2023\/08\/ImgsFondo-articulosAprobados-300x60.png 300w, https:\/\/comprebien.cr\/index\/wp-content\/uploads\/2023\/08\/ImgsFondo-articulosAprobados-768x153.png 768w\" sizes=\"auto, (max-width: 800px) 100vw, 800px\" \/><\/a><\/p>\n<p style=\"text-align: center;\"><div class=\"divider\" style=\"margin-top:20px; margin-bottom:20px; border-top:1px solid #CCCCCC;width:100%\"\/><\/div><\/p>\n<p>Para <strong>m\u00e1s informaci\u00f3n<\/strong> puedes comunicarte al <strong>2453-0019<\/strong> ext. <strong>131<\/strong> o bien enviando un correo a <strong>servicioalcliente@comprebien.cr<\/strong>. \u00a1Estamos para servirte!<\/p>\n<p style=\"text-align: center;\"><em>#SuMejorOpci\u00f3n<\/em><\/p>\n","protected":false},"excerpt":{"rendered":"<p>Muchas gracias por considerarnos como una ventana para venta de tus valiosos productos. Da click en la siguiente imagen para ir al formulario correspondiente: Si quieres revisar el estado de tus art\u00edculos aprobados, puedes hacerlo por medio de la siguiente imagen: Para m\u00e1s informaci\u00f3n puedes comunicarte al 2453-0019 ext. 131 o bien enviando un correo&#8230;<\/p>\n","protected":false},"author":1,"featured_media":0,"parent":683,"menu_order":0,"comment_status":"closed","ping_status":"closed","template":"","meta":{"om_disable_all_campaigns":false,"_monsterinsights_skip_tracking":false,"_monsterinsights_sitenote_active":false,"_monsterinsights_sitenote_note":"","_monsterinsights_sitenote_category":0,"_uf_show_specific_survey":0,"_uf_disable_surveys":false,"footnotes":""},"class_list":["post-1392","page","type-page","status-publish","hentry"],"aioseo_notices":[],"publishpress_future_action":{"enabled":false,"date":"2026-04-23 05:47:50","action":"change-status","newStatus":"draft","terms":[],"taxonomy":"","extraData":[]},"publishpress_future_workflow_manual_trigger":{"enabledWorkflows":[]},"_links":{"self":[{"href":"https:\/\/comprebien.cr\/index\/wp-json\/wp\/v2\/pages\/1392","targetHints":{"allow":["GET"]}}],"collection":[{"href":"https:\/\/comprebien.cr\/index\/wp-json\/wp\/v2\/pages"}],"about":[{"href":"https:\/\/comprebien.cr\/index\/wp-json\/wp\/v2\/types\/page"}],"author":[{"embeddable":true,"href":"https:\/\/comprebien.cr\/index\/wp-json\/wp\/v2\/users\/1"}],"replies":[{"embeddable":true,"href":"https:\/\/comprebien.cr\/index\/wp-json\/wp\/v2\/comments?post=1392"}],"version-history":[{"count":8,"href":"https:\/\/comprebien.cr\/index\/wp-json\/wp\/v2\/pages\/1392\/revisions"}],"predecessor-version":[{"id":5619,"href":"https:\/\/comprebien.cr\/index\/wp-json\/wp\/v2\/pages\/1392\/revisions\/5619"}],"up":[{"embeddable":true,"href":"https:\/\/comprebien.cr\/index\/wp-json\/wp\/v2\/pages\/683"}],"wp:attachment":[{"href":"https:\/\/comprebien.cr\/index\/wp-json\/wp\/v2\/media?parent=1392"}],"curies":[{"name":"wp","href":"https:\/\/api.w.org\/{rel}","templated":true}]}}