{"id":1246,"date":"2016-08-23T23:24:39","date_gmt":"2016-08-23T23:24:39","guid":{"rendered":"http:\/\/comprebien.cr\/index\/?page_id=1246"},"modified":"2025-04-01T11:00:53","modified_gmt":"2025-04-01T17:00:53","slug":"horarios-y-facilidades","status":"publish","type":"page","link":"https:\/\/comprebien.cr\/index\/compania\/horarios-y-facilidades\/","title":{"rendered":"Horarios y Facilidades"},"content":{"rendered":"<p>En Supermercados Compre Bien te ofrecemos diversas facilidades para su comodidad. Ac\u00e1 te las presentamos:<\/p>\n<hr class=\"ap-spacing\" style=\"height:50px\"\/>\n<h2 style=\"text-align: center;\"><strong>Servicio al cliente<\/strong><\/h2>\n<div><hr class=\"ap-spacing\" style=\"height:20px\"\/><\/div>\n<div class=\"_2cuy _3dgx _2vxa\"><strong>\u2192 CENTRAL TELEF\u00d3NICA<\/strong><br \/>\n2453-0019<\/div>\n<div><hr class=\"ap-spacing\" style=\"height:20px\"\/><\/div>\n<div class=\"_2cuy _3dgx _2vxa\"><strong>\u2192 SERVICIO DE WHATSAPP<\/strong><\/div>\n<div>Estamos para servirte y ahora tambi\u00e9n atendemos tus consultas y comentarios por medio de nuestro servicio de WhatsApp:<\/div>\n<div><hr class=\"ap-spacing\" style=\"height:20px\"\/><\/div>\n<div class=\"_2cuy _3dgx _2vxa\"><span style=\"font-size: revert;\">6070-6040<\/span><\/div>\n<div class=\"_2cuy _3dgx _2vxa\"><a style=\"font-size: revert;\" href=\"https:\/\/l.facebook.com\/l.php?u=https%3A%2F%2Fbit.ly%2FCompreBienWA%3Ffbclid%3DIwAR3QPQsO1qecOKXdeQ8nqBEC65-mEJQQhtJNN1vXRwPXJyVjdsEwrr_IoHE&amp;h=AT1cqoaZpUGZUTdIjzPKGPxXLGgTDsYK_WPH4E9YtADdFGBeYMYxY6CI0dMzbmlq9P_4TI0c-yw2x6bIcfVf6gErxmAIQdG1nLjYfb_Q7gvEiHkJtvyVoq-zcxE9-1myx1rTkjBV6bM\" target=\"_blank\" rel=\"noopener nofollow\" data-lynx-mode=\"origin\">bit.ly\/CompreBienWA<\/a><\/div>\n<div><hr class=\"ap-spacing\" style=\"height:50px\"\/><\/div>\n<div>\n<hr \/>\n<\/div>\n<div><hr class=\"ap-spacing\" style=\"height:50px\"\/><\/div>\n<div><img loading=\"lazy\" decoding=\"async\" class=\"wp-image-2076 aligncenter\" src=\"http:\/\/comprebien.cr\/index\/wp-content\/uploads\/2018\/05\/WAbuzon_aprob-mayo03-3.png\" alt=\"\" width=\"655\" height=\"655\" srcset=\"https:\/\/comprebien.cr\/index\/wp-content\/uploads\/2018\/05\/WAbuzon_aprob-mayo03-3.png 1200w, https:\/\/comprebien.cr\/index\/wp-content\/uploads\/2018\/05\/WAbuzon_aprob-mayo03-3-150x150.png 150w, https:\/\/comprebien.cr\/index\/wp-content\/uploads\/2018\/05\/WAbuzon_aprob-mayo03-3-300x300.png 300w, https:\/\/comprebien.cr\/index\/wp-content\/uploads\/2018\/05\/WAbuzon_aprob-mayo03-3-768x768.png 768w, https:\/\/comprebien.cr\/index\/wp-content\/uploads\/2018\/05\/WAbuzon_aprob-mayo03-3-1024x1024.png 1024w, https:\/\/comprebien.cr\/index\/wp-content\/uploads\/2018\/05\/WAbuzon_aprob-mayo03-3-380x380.png 380w\" sizes=\"auto, (max-width: 655px) 100vw, 655px\" \/><\/div>\n<div><\/div>\n<div style=\"text-align: center;\"><\/div>\n<div style=\"text-align: center;\"><hr class=\"ap-spacing\" style=\"height:50px\"\/><\/div>\n<div style=\"text-align: center;\"><\/div>\n<div class=\"_2cuy _3dgx _2vxa\">\n<hr \/>\n<hr \/>\n<hr class=\"ap-spacing\" style=\"height:50px\"\/>\n<h2 style=\"text-align: center;\"><strong>Horarios<\/strong><\/h2>\n<p><strong>PALMARES<\/strong><\/p>\n<p>Lunes a Domingo \u2192 7 a.m. &#8211; 9 p.m.<br \/>\nParqueo disponible en horario del supermercado.<\/p>\n<p>Servicio de transporte: 8 a.m. a 6 p.m.<\/p>\n<\/div>\n<hr \/>\n<div class=\"_2cuy _3dgx _2vxa\"><\/div>\n<div class=\"_2cuy _3dgx _2vxa\"><strong>ESPARZA<\/strong><\/div>\n<div class=\"_2cuy _3dgx _2vxa\">\nLunes a Domingo \u2192 7 a.m. a 9 p.m.<br \/>\nParqueo: 7:30 a.m. a 9 p.m.<\/div>\n<div>\n<div style=\"text-align: left;\"><hr class=\"ap-spacing\" style=\"height:20px\"\/><\/div>\n<\/div>\n<div class=\"_2cuy _3dgx _2vxa\">Servicio de transporte: 12 m.d. a 7 p.m.<\/div>\n<hr \/>\n<div class=\"_2cuy _3dgx _2vxa\"><strong>SAN CARLOS<\/strong><\/div>\n<div class=\"_2cuy _3dgx _2vxa\">\nLunes a Domingo \u2192 7 a.m. a 9 p.m.<\/div>\n<div class=\"_2cuy _3dgx _2vxa\">Parqueo disponible en horario del supermercado.<\/div>\n<div><hr class=\"ap-spacing\" style=\"height:20px\"\/><\/div>\n<div class=\"_2cuy _3dgx _2vxa\">Parqueo adicional:<\/div>\n<div class=\"_2cuy _3dgx _2vxa\">\u2192 Lunes a Viernes 6 p.m. a 9 p.m.<\/div>\n<div>\u2192 Fines de semana y feriados 7 a.m. a 9 p.m.<\/div>\n<div><hr class=\"ap-spacing\" style=\"height:20px\"\/><\/div>\n<div class=\"_2cuy _3dgx _2vxa\">Servicio de transporte: 10 a.m. a 12 m.d. y de 1 p.m. a 7 p.m.<\/div>\n<hr \/>\n<div class=\"_2cuy _3dgx _2vxa\"><strong>CA\u00d1AS, GUANACASTE<\/strong><\/div>\n<div class=\"_2cuy _3dgx _2vxa\">Lunes a Domingo \u2192 7 a.m. a 9 p.m.<br \/>\nParqueo disponible en horario del supermercado.<\/div>\n<div><hr class=\"ap-spacing\" style=\"height:20px\"\/><\/div>\n<div class=\"_2cuy _3dgx _2vxa\">Servicio de transporte: 8 a.m. a 6 p.m.<\/div>\n<div><\/div>\n<div><\/div>\n<div style=\"text-align: center;\"><\/div>\n<div style=\"text-align: center;\">\n<hr \/>\n<\/div>\n<div class=\"_2cuy _3dgx _2vxa\"><\/div>\n<div><\/div>\n<div><\/div>\n<div class=\"_2cuy _3dgx _2vxa\"><strong>GRECIA<\/strong><\/div>\n<div class=\"_2cuy _3dgx _2vxa\">\nLunes a Domingo \u2192 7 a.m. a 9 p.m.<br \/>\nParqueo disponible en horario del supermercado.<\/div>\n<div><hr class=\"ap-spacing\" style=\"height:20px\"\/><\/div>\n<div class=\"_2cuy _3dgx _2vxa\">Servicio de transporte: 8 a.m. a 7 p.m.<\/div>\n<div><\/div>\n<div><\/div>\n<div><\/div>\n<div>\n<div style=\"text-align: center;\"><div class=\"divider\" style=\"margin-top:20px; margin-bottom:20px; border-top:1px solid #CCCCCC;width:100%\"\/><\/div><\/div>\n<div><\/div>\n<div style=\"text-align: center;\"><div class=\"divider\" style=\"margin-top:20px; margin-bottom:20px; border-top:1px solid #CCCCCC;width:100%\"\/><\/div><\/div>\n<\/div>\n<div style=\"text-align: center;\"><\/div>\n<p style=\"text-align: center;\"><hr class=\"ap-spacing\" style=\"height:50px\"\/><\/p>\n<h2 style=\"text-align: center;\"><strong>Transporte y entrega a domicilio de tus compras<\/strong><\/h2>\n<hr class=\"ap-spacing\" style=\"height:20px\"\/>\n<p>Este servicio se brinda en el momento de realizar tus compras, dentro de nuestros establecimientos. Si tu compra es superior a los \u00a230,000 y tu lugar de residencia est\u00e1 dentro del sector comprendido*, \u00a1no te preocupes! Podemos llevarte y llevar tus compras hasta la puerta de tu casa. Recuerda solicitar este servicio en cajas.<\/p>\n<p><img loading=\"lazy\" decoding=\"async\" class=\"size-full wp-image-1453 aligncenter\" src=\"http:\/\/comprebien.cr\/index\/wp-content\/uploads\/2016\/08\/carro_.png\" alt=\"carro_\" width=\"949\" height=\"255\" srcset=\"https:\/\/comprebien.cr\/index\/wp-content\/uploads\/2016\/08\/carro_.png 949w, https:\/\/comprebien.cr\/index\/wp-content\/uploads\/2016\/08\/carro_-300x81.png 300w, https:\/\/comprebien.cr\/index\/wp-content\/uploads\/2016\/08\/carro_-768x206.png 768w\" sizes=\"auto, (max-width: 949px) 100vw, 949px\" \/> \u00a0 <img loading=\"lazy\" decoding=\"async\" class=\" wp-image-2074 aligncenter\" src=\"http:\/\/comprebien.cr\/index\/wp-content\/uploads\/2018\/05\/portadaFacebook_servicioDomicilio.png\" alt=\"\" width=\"928\" height=\"344\" srcset=\"https:\/\/comprebien.cr\/index\/wp-content\/uploads\/2018\/05\/portadaFacebook_servicioDomicilio.png 4255w, https:\/\/comprebien.cr\/index\/wp-content\/uploads\/2018\/05\/portadaFacebook_servicioDomicilio-300x111.png 300w, https:\/\/comprebien.cr\/index\/wp-content\/uploads\/2018\/05\/portadaFacebook_servicioDomicilio-768x284.png 768w, https:\/\/comprebien.cr\/index\/wp-content\/uploads\/2018\/05\/portadaFacebook_servicioDomicilio-1024x379.png 1024w\" sizes=\"auto, (max-width: 928px) 100vw, 928px\" \/><\/p>\n<div><hr class=\"ap-spacing\" style=\"height:50px\"\/><\/div>\n<div><\/div>\n<div style=\"text-align: center;\"><div class=\"divider\" style=\"margin-top:20px; margin-bottom:20px; border-top:1px solid #CCCCCC;width:100%\"\/><\/div><\/div>\n<div><\/div>\n<div style=\"text-align: center;\"><div class=\"divider\" style=\"margin-top:20px; margin-bottom:20px; border-top:1px solid #CCCCCC;width:100%\"\/><\/div><\/div>\n<div><hr class=\"ap-spacing\" style=\"height:50px\"\/><\/div>\n<h2><\/h2>\n<h2 style=\"text-align: center;\"><strong>Programa de Cliente Frecuente<\/strong><\/h2>\n<hr class=\"ap-spacing\" style=\"height:20px\"\/>\n<p><strong>P<\/strong>articipa autom\u00e1ticamente de todas nuestras rifas, promociones mensuales y anuales. Gana incre\u00edbles premios. Recuerda que nuestro programa no tiene ning\u00fan costo adicional y puedes solicitar ser parte del mismo en cualquiera de nuestros puntos de venta.<\/p>\n<hr class=\"ap-spacing\" style=\"height:50px\"\/>\n<p><img loading=\"lazy\" decoding=\"async\" class=\"aligncenter size-large wp-image-3731\" src=\"http:\/\/comprebien.cr\/index\/wp-content\/uploads\/2020\/03\/ArteRecordandoBeneficios-1-2-1024x1024.jpg\" alt=\"\" width=\"640\" height=\"640\" srcset=\"https:\/\/comprebien.cr\/index\/wp-content\/uploads\/2020\/03\/ArteRecordandoBeneficios-1-2-1024x1024.jpg 1024w, https:\/\/comprebien.cr\/index\/wp-content\/uploads\/2020\/03\/ArteRecordandoBeneficios-1-2-150x150.jpg 150w, https:\/\/comprebien.cr\/index\/wp-content\/uploads\/2020\/03\/ArteRecordandoBeneficios-1-2-300x300.jpg 300w, https:\/\/comprebien.cr\/index\/wp-content\/uploads\/2020\/03\/ArteRecordandoBeneficios-1-2-768x768.jpg 768w, https:\/\/comprebien.cr\/index\/wp-content\/uploads\/2020\/03\/ArteRecordandoBeneficios-1-2-380x380.jpg 380w, https:\/\/comprebien.cr\/index\/wp-content\/uploads\/2020\/03\/ArteRecordandoBeneficios-1-2.jpg 1200w\" sizes=\"auto, (max-width: 640px) 100vw, 640px\" \/><\/p>\n<hr class=\"ap-spacing\" style=\"height:50px\"\/>\n<div style=\"text-align: center;\"><div class=\"divider\" style=\"margin-top:20px; margin-bottom:20px; border-top:1px solid #CCCCCC;width:100%\"\/><\/div><\/div>\n<div><\/div>\n<div style=\"text-align: center;\"><div class=\"divider\" style=\"margin-top:20px; margin-bottom:20px; border-top:1px solid #CCCCCC;width:100%\"\/><\/div><\/div>\n<div><\/div>\n<div><\/div>\n<h2 style=\"text-align: center;\"><strong>Cajero autom\u00e1tico<\/strong><\/h2>\n<div style=\"text-align: center;\"><div class=\"divider\" style=\"margin-top:20px; margin-bottom:20px; border-top:1px solid #CCCCCC;width:100%\"\/><\/div><\/div>\n<div><\/div>\n<div style=\"text-align: center;\"><div class=\"divider\" style=\"margin-top:20px; margin-bottom:20px; border-top:1px solid #CCCCCC;width:100%\"\/><\/div><\/div>\n<div><hr class=\"ap-spacing\" style=\"height:50px\"\/><\/div>\n<h2 style=\"text-align: center;\"><strong>Parqueos<\/strong><\/h2>\n<hr class=\"ap-spacing\" style=\"height:20px\"\/>\n<p>En Supermercados Compre Bien creemos en la m\u00e1xima comodidad y seguridad de nuestros clientes, es por eso que te ofrecemos espacios de parqueo en todos nuestros puntos de venta sin ning\u00fan costo adicional. Pregunta por el horario de cada uno previo a realizar tus compras pues el horario en cada uno es diferente. Adem\u00e1s, tom\u00e1 en cuenta que el parque es para uso exclusivo de nuestros clientes:<\/p>\n<p><img loading=\"lazy\" decoding=\"async\" class=\"size-large wp-image-1455 aligncenter\" src=\"http:\/\/comprebien.cr\/index\/wp-content\/uploads\/2016\/08\/REFrotulo_remolqueGruasAPROBADO-1024x819.png\" alt=\"refrotulo_remolquegruasaprobado\" width=\"640\" height=\"512\" srcset=\"https:\/\/comprebien.cr\/index\/wp-content\/uploads\/2016\/08\/REFrotulo_remolqueGruasAPROBADO-1024x819.png 1024w, https:\/\/comprebien.cr\/index\/wp-content\/uploads\/2016\/08\/REFrotulo_remolqueGruasAPROBADO-300x240.png 300w, https:\/\/comprebien.cr\/index\/wp-content\/uploads\/2016\/08\/REFrotulo_remolqueGruasAPROBADO-768x614.png 768w\" sizes=\"auto, (max-width: 640px) 100vw, 640px\" \/><\/p>\n<hr class=\"ap-spacing\" style=\"height:50px\"\/>\n<div style=\"text-align: center;\"><div class=\"divider\" style=\"margin-top:20px; margin-bottom:20px; border-top:1px solid #CCCCCC;width:100%\"\/><\/div><\/div>\n<div><\/div>\n<div style=\"text-align: center;\"><div class=\"divider\" style=\"margin-top:20px; margin-bottom:20px; border-top:1px solid #CCCCCC;width:100%\"\/><\/div><\/div>\n<div><\/div>\n<div><hr class=\"ap-spacing\" style=\"height:50px\"\/><\/div>\n<h2 style=\"text-align: center;\"><strong><strong>Descuento a adultos mayores<\/strong><\/strong><\/h2>\n<hr class=\"ap-spacing\" style=\"height:20px\"\/>\n<p>S\u00f3lo comprando con nuestro programa de\u00a0<span class=\"_5afx\"><span class=\"_58cm\">Cliente Frecuente<\/span><\/span> puedes disfrutar de 2% de descuento ADICIONAL a ciudadanos de oro. \u00a1Af\u00edliate YA! No tiene ning\u00fan costo o membres\u00eda. <em>Aplican restricciones<\/em>.<\/p>\n<hr class=\"ap-spacing\" style=\"height:50px\"\/>\n<div style=\"text-align: center;\"><div class=\"divider\" style=\"margin-top:20px; margin-bottom:20px; border-top:1px solid #CCCCCC;width:100%\"\/><\/div><\/div>\n<div><\/div>\n<div style=\"text-align: center;\"><div class=\"divider\" style=\"margin-top:20px; margin-bottom:20px; border-top:1px solid #CCCCCC;width:100%\"\/><\/div><\/div>\n<div><hr class=\"ap-spacing\" style=\"height:50px\"\/><\/div>\n<div class=\"_2cuy _3dgx _2vxa\"><span style=\"font-size: 12px;\">*Aplican restricciones.<\/span><\/div>\n","protected":false},"excerpt":{"rendered":"<p>En Supermercados Compre Bien te ofrecemos diversas facilidades para su comodidad. Ac\u00e1 te las presentamos: Servicio al cliente \u2192 CENTRAL TELEF\u00d3NICA 2453-0019 \u2192 SERVICIO DE WHATSAPP Estamos para servirte y ahora tambi\u00e9n atendemos tus consultas y comentarios por medio de nuestro servicio de WhatsApp: 6070-6040 bit.ly\/CompreBienWA Horarios PALMARES Lunes a Domingo \u2192 7 a.m. &#8211;&#8230;<\/p>\n","protected":false},"author":1,"featured_media":0,"parent":397,"menu_order":0,"comment_status":"closed","ping_status":"closed","template":"","meta":{"om_disable_all_campaigns":false,"_monsterinsights_skip_tracking":false,"_monsterinsights_sitenote_active":false,"_monsterinsights_sitenote_note":"","_monsterinsights_sitenote_category":0,"_uf_show_specific_survey":0,"_uf_disable_surveys":false,"footnotes":""},"class_list":["post-1246","page","type-page","status-publish","hentry"],"aioseo_notices":[],"publishpress_future_action":{"enabled":false,"date":"2026-05-10 02:56:02","action":"change-status","newStatus":"draft","terms":[],"taxonomy":"","extraData":[]},"publishpress_future_workflow_manual_trigger":{"enabledWorkflows":[]},"_links":{"self":[{"href":"https:\/\/comprebien.cr\/index\/wp-json\/wp\/v2\/pages\/1246","targetHints":{"allow":["GET"]}}],"collection":[{"href":"https:\/\/comprebien.cr\/index\/wp-json\/wp\/v2\/pages"}],"about":[{"href":"https:\/\/comprebien.cr\/index\/wp-json\/wp\/v2\/types\/page"}],"author":[{"embeddable":true,"href":"https:\/\/comprebien.cr\/index\/wp-json\/wp\/v2\/users\/1"}],"replies":[{"embeddable":true,"href":"https:\/\/comprebien.cr\/index\/wp-json\/wp\/v2\/comments?post=1246"}],"version-history":[{"count":27,"href":"https:\/\/comprebien.cr\/index\/wp-json\/wp\/v2\/pages\/1246\/revisions"}],"predecessor-version":[{"id":6388,"href":"https:\/\/comprebien.cr\/index\/wp-json\/wp\/v2\/pages\/1246\/revisions\/6388"}],"up":[{"embeddable":true,"href":"https:\/\/comprebien.cr\/index\/wp-json\/wp\/v2\/pages\/397"}],"wp:attachment":[{"href":"https:\/\/comprebien.cr\/index\/wp-json\/wp\/v2\/media?parent=1246"}],"curies":[{"name":"wp","href":"https:\/\/api.w.org\/{rel}","templated":true}]}}