{"id":1243,"date":"2016-08-23T23:22:50","date_gmt":"2016-08-23T23:22:50","guid":{"rendered":"http:\/\/comprebien.cr\/index\/?page_id=1243"},"modified":"2018-12-13T15:46:15","modified_gmt":"2018-12-13T15:46:15","slug":"resena","status":"publish","type":"page","link":"https:\/\/comprebien.cr\/index\/compania\/resena\/","title":{"rendered":"Rese\u00f1a"},"content":{"rendered":"<h2 style=\"text-align: center;\"><strong>Desde 1990<\/strong><\/h2>\n<h2 style=\"text-align: center;\"><em>#SuMejorOpci\u00f3n<\/em><\/h2>\n<p style=\"text-align: center;\"><div class=\"divider\" style=\"margin-top:20px; margin-bottom:20px; border-top:1px solid #CCCCCC;width:100%\"\/><\/div><\/p>\n<p style=\"text-align: justify;\">El inicio de esta gran familia llamada Compre Bien Supermercados se remonta al a\u00f1o 1943, fecha en la que el fundador, el se\u00f1or Juan Bautista Rojas Campos, crea el reconocido Almac\u00e9n Juan Bautista Rojas S.A. en el cant\u00f3n central de Palmares. Esta organizaci\u00f3n actualmente contin\u00faa brindando el servicio de venta al por mayor de productos de consumo masivo de la m\u00e1s alta calidad, priorizando su experiencia en grandes planes de renovaci\u00f3n y crecimiento constantes.<\/p>\n<p style=\"text-align: justify;\">El \u00e9xito alcanzado con el Almac\u00e9n Juan Bautista Rojas S.A. as\u00ed como la necesidad de que Palmares contara con una oferta comercial que ofreciera una amplia variedad de productos de calidad a precios accesibles para toda la poblaci\u00f3n, fueron los factores que motivaron a la familia Rojas Sol\u00f3rzano en innovar a trav\u00e9s de la creaci\u00f3n de un supermercado concebido bajo la cultura, hasta ese entonces poco reconocida, de excelencia en atenci\u00f3n y servicio al cliente.<\/p>\n<p style=\"text-align: justify;\">De esta forma, en el a\u00f1o de 1990 nace el Supermercado Compre Bien Palmares. Este primer esfuerzo logr\u00f3 no s\u00f3lo cumplir, sino m\u00e1s bien superar las expectativas planteadas inicialmente, pues desde la fecha y hasta la actualidad sigue constituy\u00e9ndose como la opci\u00f3n de preferencia para los clientes de la zona de Occidente.<\/p>\n<p style=\"text-align: justify;\">La gran trayectoria y los logros alcanzados hicieron posible que para 1994 se creara un segundo supermercado en Esparza, edific\u00e1ndose como un nuevo esfuerzo que ampliaba los horizontes de la organizaci\u00f3n.<\/p>\n<p style=\"text-align: justify;\">Posteriormente, en el a\u00f1o 2010 se logra la apertura de Compre Bien San Carlos, con una infraestructura moderna e innovadora la cual ofrece a todos los clientes de la Zona Norte del pa\u00eds una opci\u00f3n de compras diferente, accesible y acorde a lo que requieren. En el a\u00f1o 2016, nace el m\u00e1s nuevo de nuestros integrantes: Supermercados Compre Bien Ca\u00f1as. La alegr\u00eda y entusiasmo del pueblo guanacasteco nos recibi\u00f3 con los brazos abiertos y hemos llegado para quedarnos.<\/p>\n<p><img loading=\"lazy\" decoding=\"async\" class=\" wp-image-2107 aligncenter\" src=\"http:\/\/comprebien.cr\/index\/wp-content\/uploads\/2018\/05\/guanacaste_.jpg\" alt=\"\" width=\"809\" height=\"563\" srcset=\"https:\/\/comprebien.cr\/index\/wp-content\/uploads\/2018\/05\/guanacaste_.jpg 3080w, https:\/\/comprebien.cr\/index\/wp-content\/uploads\/2018\/05\/guanacaste_-300x209.jpg 300w, https:\/\/comprebien.cr\/index\/wp-content\/uploads\/2018\/05\/guanacaste_-768x535.jpg 768w, https:\/\/comprebien.cr\/index\/wp-content\/uploads\/2018\/05\/guanacaste_-1024x713.jpg 1024w\" sizes=\"auto, (max-width: 809px) 100vw, 809px\" \/><\/p>\n<p>Y en el a\u00f1o 2018, dimos inicio a nuevo sue\u00f1o: Supermercados Compre Bien Grecia. \u00a1Ya es una realidad! Nos sentimos orgulloso de ser parte de esta nueva comunidad en la provincia de Alajuela, llevando siempre nuestro destacado servicio, amplia variedad y una excelente experiencia de compra.<\/p>\n<p><img loading=\"lazy\" decoding=\"async\" class=\"aligncenter size-large wp-image-2687\" src=\"http:\/\/comprebien.cr\/index\/wp-content\/uploads\/2018\/12\/compre-bien-grecia-v01-0002-1024x567.jpg\" alt=\"\" width=\"640\" height=\"354\" srcset=\"https:\/\/comprebien.cr\/index\/wp-content\/uploads\/2018\/12\/compre-bien-grecia-v01-0002-1024x567.jpg 1024w, https:\/\/comprebien.cr\/index\/wp-content\/uploads\/2018\/12\/compre-bien-grecia-v01-0002-300x166.jpg 300w, https:\/\/comprebien.cr\/index\/wp-content\/uploads\/2018\/12\/compre-bien-grecia-v01-0002-768x425.jpg 768w, https:\/\/comprebien.cr\/index\/wp-content\/uploads\/2018\/12\/compre-bien-grecia-v01-0002.jpg 1280w\" sizes=\"auto, (max-width: 640px) 100vw, 640px\" \/><\/p>\n<p><img loading=\"lazy\" decoding=\"async\" class=\"aligncenter size-large wp-image-2688\" src=\"http:\/\/comprebien.cr\/index\/wp-content\/uploads\/2018\/12\/compre-bien-grecia-v01-0003-1024x567.jpg\" alt=\"\" width=\"640\" height=\"354\" srcset=\"https:\/\/comprebien.cr\/index\/wp-content\/uploads\/2018\/12\/compre-bien-grecia-v01-0003-1024x567.jpg 1024w, https:\/\/comprebien.cr\/index\/wp-content\/uploads\/2018\/12\/compre-bien-grecia-v01-0003-300x166.jpg 300w, https:\/\/comprebien.cr\/index\/wp-content\/uploads\/2018\/12\/compre-bien-grecia-v01-0003-768x425.jpg 768w, https:\/\/comprebien.cr\/index\/wp-content\/uploads\/2018\/12\/compre-bien-grecia-v01-0003.jpg 1280w\" sizes=\"auto, (max-width: 640px) 100vw, 640px\" \/><\/p>\n<p><img loading=\"lazy\" decoding=\"async\" class=\"aligncenter size-large wp-image-2689\" src=\"http:\/\/comprebien.cr\/index\/wp-content\/uploads\/2018\/12\/compre-bien-grecia-v01-0005-1024x567.jpg\" alt=\"\" width=\"640\" height=\"354\" srcset=\"https:\/\/comprebien.cr\/index\/wp-content\/uploads\/2018\/12\/compre-bien-grecia-v01-0005-1024x567.jpg 1024w, https:\/\/comprebien.cr\/index\/wp-content\/uploads\/2018\/12\/compre-bien-grecia-v01-0005-300x166.jpg 300w, https:\/\/comprebien.cr\/index\/wp-content\/uploads\/2018\/12\/compre-bien-grecia-v01-0005-768x425.jpg 768w, https:\/\/comprebien.cr\/index\/wp-content\/uploads\/2018\/12\/compre-bien-grecia-v01-0005.jpg 1280w\" sizes=\"auto, (max-width: 640px) 100vw, 640px\" \/><\/p>\n<p><img loading=\"lazy\" decoding=\"async\" class=\"aligncenter size-large wp-image-2690\" src=\"http:\/\/comprebien.cr\/index\/wp-content\/uploads\/2018\/12\/compre-bien-grecia-v01-0011-1024x567.jpg\" alt=\"\" width=\"640\" height=\"354\" srcset=\"https:\/\/comprebien.cr\/index\/wp-content\/uploads\/2018\/12\/compre-bien-grecia-v01-0011-1024x567.jpg 1024w, https:\/\/comprebien.cr\/index\/wp-content\/uploads\/2018\/12\/compre-bien-grecia-v01-0011-300x166.jpg 300w, https:\/\/comprebien.cr\/index\/wp-content\/uploads\/2018\/12\/compre-bien-grecia-v01-0011-768x425.jpg 768w, https:\/\/comprebien.cr\/index\/wp-content\/uploads\/2018\/12\/compre-bien-grecia-v01-0011.jpg 1280w\" sizes=\"auto, (max-width: 640px) 100vw, 640px\" \/><\/p>\n<p><img loading=\"lazy\" decoding=\"async\" class=\"aligncenter size-large wp-image-2691\" src=\"http:\/\/comprebien.cr\/index\/wp-content\/uploads\/2018\/12\/compre-bien-grecia-v01-0012-1024x567.jpg\" alt=\"\" width=\"640\" height=\"354\" srcset=\"https:\/\/comprebien.cr\/index\/wp-content\/uploads\/2018\/12\/compre-bien-grecia-v01-0012-1024x567.jpg 1024w, https:\/\/comprebien.cr\/index\/wp-content\/uploads\/2018\/12\/compre-bien-grecia-v01-0012-300x166.jpg 300w, https:\/\/comprebien.cr\/index\/wp-content\/uploads\/2018\/12\/compre-bien-grecia-v01-0012-768x425.jpg 768w, https:\/\/comprebien.cr\/index\/wp-content\/uploads\/2018\/12\/compre-bien-grecia-v01-0012.jpg 1280w\" sizes=\"auto, (max-width: 640px) 100vw, 640px\" \/><\/p>\n<p><img loading=\"lazy\" decoding=\"async\" class=\"aligncenter size-large wp-image-2692\" src=\"http:\/\/comprebien.cr\/index\/wp-content\/uploads\/2018\/12\/compre-bien-grecia-v01-0013-1024x567.jpg\" alt=\"\" width=\"640\" height=\"354\" srcset=\"https:\/\/comprebien.cr\/index\/wp-content\/uploads\/2018\/12\/compre-bien-grecia-v01-0013-1024x567.jpg 1024w, https:\/\/comprebien.cr\/index\/wp-content\/uploads\/2018\/12\/compre-bien-grecia-v01-0013-300x166.jpg 300w, https:\/\/comprebien.cr\/index\/wp-content\/uploads\/2018\/12\/compre-bien-grecia-v01-0013-768x425.jpg 768w, https:\/\/comprebien.cr\/index\/wp-content\/uploads\/2018\/12\/compre-bien-grecia-v01-0013.jpg 1280w\" sizes=\"auto, (max-width: 640px) 100vw, 640px\" \/><\/p>\n<p><img loading=\"lazy\" decoding=\"async\" class=\"aligncenter size-large wp-image-2693\" src=\"http:\/\/comprebien.cr\/index\/wp-content\/uploads\/2018\/12\/compre-bien-grecia-v01-0016-1024x567.jpg\" alt=\"\" width=\"640\" height=\"354\" srcset=\"https:\/\/comprebien.cr\/index\/wp-content\/uploads\/2018\/12\/compre-bien-grecia-v01-0016-1024x567.jpg 1024w, https:\/\/comprebien.cr\/index\/wp-content\/uploads\/2018\/12\/compre-bien-grecia-v01-0016-300x166.jpg 300w, https:\/\/comprebien.cr\/index\/wp-content\/uploads\/2018\/12\/compre-bien-grecia-v01-0016-768x425.jpg 768w, https:\/\/comprebien.cr\/index\/wp-content\/uploads\/2018\/12\/compre-bien-grecia-v01-0016.jpg 1280w\" sizes=\"auto, (max-width: 640px) 100vw, 640px\" \/><\/p>\n<p style=\"text-align: justify;\">Esta trayectoria hist\u00f3rica de Compre Bien Supermercados demuestra que su raz\u00f3n de ser viene de sus clientes quienes conf\u00edan en su servicio, y que con su preferencia, depositan las esperanzas para continuar as\u00ed su expansi\u00f3n a cada rinc\u00f3n del pa\u00eds.<\/p>\n","protected":false},"excerpt":{"rendered":"<p>Desde 1990 #SuMejorOpci\u00f3n El inicio de esta gran familia llamada Compre Bien Supermercados se remonta al a\u00f1o 1943, fecha en la que el fundador, el se\u00f1or Juan Bautista Rojas Campos, crea el reconocido Almac\u00e9n Juan Bautista Rojas S.A. en el cant\u00f3n central de Palmares. Esta organizaci\u00f3n actualmente contin\u00faa brindando el servicio de venta al por&#8230;<\/p>\n","protected":false},"author":1,"featured_media":0,"parent":397,"menu_order":0,"comment_status":"closed","ping_status":"closed","template":"","meta":{"om_disable_all_campaigns":false,"_monsterinsights_skip_tracking":false,"_monsterinsights_sitenote_active":false,"_monsterinsights_sitenote_note":"","_monsterinsights_sitenote_category":0,"_uf_show_specific_survey":0,"_uf_disable_surveys":false,"footnotes":""},"class_list":["post-1243","page","type-page","status-publish","hentry"],"aioseo_notices":[],"publishpress_future_action":{"enabled":false,"date":"2026-05-14 06:32:36","action":"change-status","newStatus":"draft","terms":[],"taxonomy":"","extraData":[]},"publishpress_future_workflow_manual_trigger":{"enabledWorkflows":[]},"_links":{"self":[{"href":"https:\/\/comprebien.cr\/index\/wp-json\/wp\/v2\/pages\/1243","targetHints":{"allow":["GET"]}}],"collection":[{"href":"https:\/\/comprebien.cr\/index\/wp-json\/wp\/v2\/pages"}],"about":[{"href":"https:\/\/comprebien.cr\/index\/wp-json\/wp\/v2\/types\/page"}],"author":[{"embeddable":true,"href":"https:\/\/comprebien.cr\/index\/wp-json\/wp\/v2\/users\/1"}],"replies":[{"embeddable":true,"href":"https:\/\/comprebien.cr\/index\/wp-json\/wp\/v2\/comments?post=1243"}],"version-history":[{"count":13,"href":"https:\/\/comprebien.cr\/index\/wp-json\/wp\/v2\/pages\/1243\/revisions"}],"predecessor-version":[{"id":2694,"href":"https:\/\/comprebien.cr\/index\/wp-json\/wp\/v2\/pages\/1243\/revisions\/2694"}],"up":[{"embeddable":true,"href":"https:\/\/comprebien.cr\/index\/wp-json\/wp\/v2\/pages\/397"}],"wp:attachment":[{"href":"https:\/\/comprebien.cr\/index\/wp-json\/wp\/v2\/media?parent=1243"}],"curies":[{"name":"wp","href":"https:\/\/api.w.org\/{rel}","templated":true}]}}